{"id":20,"date":"2020-08-03T12:00:59","date_gmt":"2020-08-03T12:00:59","guid":{"rendered":"https:\/\/centrodefensores.org.ve\/?page_id=20"},"modified":"2021-05-26T20:29:25","modified_gmt":"2021-05-26T20:29:25","slug":"about","status":"publish","type":"page","link":"https:\/\/centrodefensores.org.ve\/","title":{"rendered":"Bienvenido a la p\u00e1gina oficial del Centro para los Defensores y la Justicia (CDJ)"},"content":{"rendered":"\n<div class=\"wp-block-group alignfull\"><div class=\"wp-block-group__inner-container is-layout-flow wp-block-group-is-layout-flow\">\n<h4 class=\"has-text-align-center wp-block-heading\"><span class=\"has-inline-color has-secondary-color\">Trabajamos por la protecci\u00f3n y seguridad integral de las personas defensoras, la institucionalidad y la justicia<\/span><\/h4>\n<\/div><\/div>\n\n\n\n<figure class=\"wp-block-image alignfull\"><img fetchpriority=\"high\" decoding=\"async\" width=\"1024\" height=\"282\" src=\"https:\/\/centrodefensores.org.ve\/wp-content\/uploads\/2020\/08\/Untitled-2-01-1-1024x282.png\" alt=\"\" class=\"wp-image-65\" srcset=\"https:\/\/centrodefensores.org.ve\/wp-content\/uploads\/2020\/08\/Untitled-2-01-1-1024x282.png 1024w, https:\/\/centrodefensores.org.ve\/wp-content\/uploads\/2020\/08\/Untitled-2-01-1-300x83.png 300w, https:\/\/centrodefensores.org.ve\/wp-content\/uploads\/2020\/08\/Untitled-2-01-1-768x211.png 768w, https:\/\/centrodefensores.org.ve\/wp-content\/uploads\/2020\/08\/Untitled-2-01-1-1536x423.png 1536w, https:\/\/centrodefensores.org.ve\/wp-content\/uploads\/2020\/08\/Untitled-2-01-1-2048x564.png 2048w, https:\/\/centrodefensores.org.ve\/wp-content\/uploads\/2020\/08\/Untitled-2-01-1-1200x330.png 1200w, https:\/\/centrodefensores.org.ve\/wp-content\/uploads\/2020\/08\/Untitled-2-01-1-1980x545.png 1980w\" sizes=\"(max-width: 1024px) 100vw, 1024px\" \/><\/figure>\n\n\n\n<h2 class=\"wp-block-heading\">Nuestra Historia<\/h2>\n\n\n\n<p>El Centro para los Defensores y la Justicia (CDJ) es una organizaci\u00f3n no gubernamental que surge en el a\u00f1o 2017 con el fin de promover y defender los derechos humanos, frente a las necesidades existentes de trabajar por el reforzamiento de la justicia y la institucionalidad democr\u00e1tica en Venezuela conforme a las obligaciones y normativa internacional en la materia. As\u00ed como tambi\u00e9n, de velar por la defensa y protecci\u00f3n integral de las personas defensoras de derechos humanos, mediante el fortalecimiento de sus capacidades y resguardo de su seguridad, en el entendido que su labor es fundamental para la existencia plena de la democracia y la vigencia del Estado de Derecho.<\/p>\n\n\n\n<p>La misi\u00f3n del CDJ consiste en defender, promover y proteger derechos humanos, mediante el fortalecimiento del derecho a defender derechos fomentando la construcci\u00f3n de entornos de trabajo propicios y seguros para quienes defienden derechos humanos, por medio de la observancia de la institucionalidad democr\u00e1tica y la justicia.<\/p>\n\n\n\n<p>Como organizaci\u00f3n nos planteamos como objetivo el generar pol\u00edticas de cambio para garantizar la progresividad de los derechos humanos, el fortalecimiento de la institucionalidad democr\u00e1tica, el cumplimiento del Estado de sus obligaciones internacionales y propiciar elementos para que las personas defensoras de derechos humanos puedan ejercer su labor en un entorno propicio y seguro.<\/p>\n\n\n\n<p>Desde el CDJ contamos con un equipo multidisciplinario y calificado para desarrollar y garantizar el \u00e9xito de nuestras actividades y trabajo por y para las personas defensoras de derechos humanos.<\/p>\n\n\n\n<figure class=\"wp-block-video\"><video height=\"480\" style=\"aspect-ratio: 528 \/ 480;\" width=\"528\" controls src=\"https:\/\/centrodefensores.org.ve\/wp-content\/uploads\/2021\/05\/VID-20190207-WA0056.mp4\"><\/video><figcaption>\u00bf<span class=\"has-inline-color has-secondary-color\">Qui\u00e9nes somos?<\/span><\/figcaption><\/figure>\n\n\n\n<figure class=\"wp-block-video\"><video height=\"480\" style=\"aspect-ratio: 528 \/ 480;\" width=\"528\" controls src=\"https:\/\/centrodefensores.org.ve\/wp-content\/uploads\/2021\/05\/VID-20190208-WA0014.mp4\"><\/video><figcaption>Nuestra Misi\u00f3n<\/figcaption><\/figure>\n\n\n\n<figure class=\"wp-block-video\"><video height=\"480\" style=\"aspect-ratio: 528 \/ 480;\" width=\"528\" controls src=\"https:\/\/centrodefensores.org.ve\/wp-content\/uploads\/2021\/05\/VID-20190208-WA0015.mp4\"><\/video><figcaption><span class=\"has-inline-color has-secondary-color\">Nuestra Visi\u00f3n<\/span><\/figcaption><\/figure>\n\n\n\n<hr class=\"wp-block-separator\"\/>\n\n\n\n<h2 class=\"wp-block-heading\">Informes<\/h2>\n\n\n<ul class=\"wp-block-latest-posts__list is-grid columns-3 aligncenter wp-block-latest-posts\"><li><a class=\"wp-block-latest-posts__post-title\" href=\"https:\/\/centrodefensores.org.ve\/?p=784\">SITUACI\u00d3N DE LAS PERSONAS DEFENSORAS DE DERECHOS HUMANOS EN VENEZUELA &#8211; Primer Trimestre 2026<\/a><\/li>\n<li><a class=\"wp-block-latest-posts__post-title\" href=\"https:\/\/centrodefensores.org.ve\/?p=777\">SITUACI\u00d3N DE LAS PERSONAS DEFENSORAS DE DERECHOS HUMANOS EN VENEZUELA &#8211; Febrero 2026<\/a><\/li>\n<li><a class=\"wp-block-latest-posts__post-title\" href=\"https:\/\/centrodefensores.org.ve\/?p=765\">SITUACI\u00d3N DE LAS PERSONAS DEFENSORAS DE DERECHOS HUMANOS EN VENEZUELA &#8211; Enero 2026<\/a><\/li>\n<li><a class=\"wp-block-latest-posts__post-title\" href=\"https:\/\/centrodefensores.org.ve\/?p=746\">SITUACI\u00d3N DE\u00a0LAS\u00a0PERSONAS\u00a0DEFENSORAS DE DERECHOS HUMANOS EN VENEZUELA &#8211; 2025<\/a><\/li>\n<li><a class=\"wp-block-latest-posts__post-title\" href=\"https:\/\/centrodefensores.org.ve\/?p=738\">SITUACI\u00d3N DE\u00a0LAS\u00a0PERSONAS\u00a0DEFENSORAS\u00a0DE\u00a0DERECHOS\u00a0HUMANOS\u00a0EN\u00a0VENEZUELA &#8211; Septiembre 2025<\/a><\/li>\n<\/ul>\n\n\n<hr class=\"wp-block-separator\"\/>\n\n\n\n<h2 class=\"wp-block-heading\">Alertas CDJ<\/h2>\n\n\n\n<hr class=\"wp-block-separator\"\/>\n","protected":false},"excerpt":{"rendered":"<p>Trabajamos por la protecci\u00f3n y seguridad integral de las personas defensoras, la institucionalidad y la justicia Nuestra Historia El Centro para los Defensores y la Justicia (CDJ) es una organizaci\u00f3n no gubernamental que surge en el a\u00f1o 2017 con el fin de promover y defender los derechos humanos, frente a las necesidades existentes de trabajar [&hellip;]<\/p>\n","protected":false},"author":1,"featured_media":0,"parent":0,"menu_order":0,"comment_status":"closed","ping_status":"closed","template":"","meta":{"footnotes":""},"class_list":["post-20","page","type-page","status-publish","hentry"],"_links":{"self":[{"href":"https:\/\/centrodefensores.org.ve\/index.php?rest_route=\/wp\/v2\/pages\/20","targetHints":{"allow":["GET"]}}],"collection":[{"href":"https:\/\/centrodefensores.org.ve\/index.php?rest_route=\/wp\/v2\/pages"}],"about":[{"href":"https:\/\/centrodefensores.org.ve\/index.php?rest_route=\/wp\/v2\/types\/page"}],"author":[{"embeddable":true,"href":"https:\/\/centrodefensores.org.ve\/index.php?rest_route=\/wp\/v2\/users\/1"}],"replies":[{"embeddable":true,"href":"https:\/\/centrodefensores.org.ve\/index.php?rest_route=%2Fwp%2Fv2%2Fcomments&post=20"}],"version-history":[{"count":9,"href":"https:\/\/centrodefensores.org.ve\/index.php?rest_route=\/wp\/v2\/pages\/20\/revisions"}],"predecessor-version":[{"id":243,"href":"https:\/\/centrodefensores.org.ve\/index.php?rest_route=\/wp\/v2\/pages\/20\/revisions\/243"}],"wp:attachment":[{"href":"https:\/\/centrodefensores.org.ve\/index.php?rest_route=%2Fwp%2Fv2%2Fmedia&parent=20"}],"curies":[{"name":"wp","href":"https:\/\/api.w.org\/{rel}","templated":true}]}}