{"id":24,"date":"2020-08-03T12:00:59","date_gmt":"2020-08-03T12:00:59","guid":{"rendered":"https:\/\/centrodefensores.org.ve\/?page_id=24"},"modified":"2022-02-10T16:17:32","modified_gmt":"2022-02-10T16:17:32","slug":"informes","status":"publish","type":"page","link":"https:\/\/centrodefensores.org.ve\/?page_id=24","title":{"rendered":"INFORMES CDJ"},"content":{"rendered":"\n<p class=\"has-text-align-center\"><mark style=\"background-color:rgba(0, 0, 0, 0)\" class=\"has-inline-color has-secondary-color\">Le invitamos a descargar nuestros reportes sobre la situaci\u00f3n de las personas defensoras de derechos humanos en Venezuela, en donde destacamos la caracterizaci\u00f3n de las agresiones, las cifras y tendencias, las v\u00edctimas y los responsables de los ataques, as\u00ed como tambi\u00e9n ofrecen un an\u00e1lisis de contexto general en el cual desarrollan sus actividades quienes defienden y exigen derechos.<\/mark><\/p>\n\n\n\n<h2 class=\"wp-block-heading\" id=\"informes-mensuales\">Informes Mensuales<\/h2>\n\n\n<ul class=\"wp-block-latest-posts__list is-grid columns-3 aligncenter wp-block-latest-posts\"><li><a class=\"wp-block-latest-posts__post-title\" href=\"https:\/\/centrodefensores.org.ve\/?p=777\">SITUACI\u00d3N DE LAS PERSONAS DEFENSORAS DE DERECHOS HUMANOS EN VENEZUELA &#8211; Febrero 2026<\/a><\/li>\n<li><a class=\"wp-block-latest-posts__post-title\" href=\"https:\/\/centrodefensores.org.ve\/?p=765\">SITUACI\u00d3N DE LAS PERSONAS DEFENSORAS DE DERECHOS HUMANOS EN VENEZUELA &#8211; Enero 2026<\/a><\/li>\n<li><a class=\"wp-block-latest-posts__post-title\" href=\"https:\/\/centrodefensores.org.ve\/?p=746\">SITUACI\u00d3N DE\u00a0LAS\u00a0PERSONAS\u00a0DEFENSORAS DE DERECHOS HUMANOS EN VENEZUELA &#8211; 2025<\/a><\/li>\n<li><a class=\"wp-block-latest-posts__post-title\" href=\"https:\/\/centrodefensores.org.ve\/?p=738\">SITUACI\u00d3N DE\u00a0LAS\u00a0PERSONAS\u00a0DEFENSORAS\u00a0DE\u00a0DERECHOS\u00a0HUMANOS\u00a0EN\u00a0VENEZUELA &#8211; Septiembre 2025<\/a><\/li>\n<li><a class=\"wp-block-latest-posts__post-title\" href=\"https:\/\/centrodefensores.org.ve\/?p=726\">SITUACI\u00d3N DE\u00a0LAS\u00a0PERSONAS\u00a0DEFENSORAS\u00a0DE\u00a0DERECHOS\u00a0HUMANOS\u00a0EN\u00a0VENEZUELA &#8211; Agosto 2025<\/a><\/li>\n<\/ul>\n\n\n<!--nextpage-->\n\n\n\n<h2 class=\"wp-block-heading\" id=\"informes-especiales\">Informes Especiales<\/h2>\n\n\n\n<div class=\"wp-block-columns is-layout-flex wp-container-core-columns-is-layout-9d6595d7 wp-block-columns-is-layout-flex\">\n<div class=\"wp-block-column is-layout-flow wp-block-column-is-layout-flow\"><\/div>\n<\/div>\n","protected":false},"excerpt":{"rendered":"<p>Le invitamos a descargar nuestros reportes sobre la situaci\u00f3n de las personas defensoras de derechos humanos en Venezuela, en donde destacamos la caracterizaci\u00f3n de las agresiones, las cifras y tendencias, las v\u00edctimas y los responsables de los ataques, as\u00ed como tambi\u00e9n ofrecen un an\u00e1lisis de contexto general en el cual desarrollan sus actividades quienes defienden [&hellip;]<\/p>\n","protected":false},"author":1,"featured_media":0,"parent":0,"menu_order":0,"comment_status":"closed","ping_status":"closed","template":"","meta":{"footnotes":""},"class_list":["post-24","page","type-page","status-publish","hentry"],"_links":{"self":[{"href":"https:\/\/centrodefensores.org.ve\/index.php?rest_route=\/wp\/v2\/pages\/24","targetHints":{"allow":["GET"]}}],"collection":[{"href":"https:\/\/centrodefensores.org.ve\/index.php?rest_route=\/wp\/v2\/pages"}],"about":[{"href":"https:\/\/centrodefensores.org.ve\/index.php?rest_route=\/wp\/v2\/types\/page"}],"author":[{"embeddable":true,"href":"https:\/\/centrodefensores.org.ve\/index.php?rest_route=\/wp\/v2\/users\/1"}],"replies":[{"embeddable":true,"href":"https:\/\/centrodefensores.org.ve\/index.php?rest_route=%2Fwp%2Fv2%2Fcomments&post=24"}],"version-history":[{"count":8,"href":"https:\/\/centrodefensores.org.ve\/index.php?rest_route=\/wp\/v2\/pages\/24\/revisions"}],"predecessor-version":[{"id":391,"href":"https:\/\/centrodefensores.org.ve\/index.php?rest_route=\/wp\/v2\/pages\/24\/revisions\/391"}],"wp:attachment":[{"href":"https:\/\/centrodefensores.org.ve\/index.php?rest_route=%2Fwp%2Fv2%2Fmedia&parent=24"}],"curies":[{"name":"wp","href":"https:\/\/api.w.org\/{rel}","templated":true}]}}