{"id":27,"date":"2020-08-03T12:00:59","date_gmt":"2020-08-03T12:00:59","guid":{"rendered":"https:\/\/centrodefensores.org.ve\/?page_id=27"},"modified":"2024-11-06T17:28:50","modified_gmt":"2024-11-06T21:28:50","slug":"formacion-cdj","status":"publish","type":"page","link":"https:\/\/centrodefensores.org.ve\/?page_id=27","title":{"rendered":"Formaci\u00f3n CDJ"},"content":{"rendered":"\n<h4 class=\"wp-block-heading has-text-align-center\"><mark style=\"background-color:rgba(0, 0, 0, 0)\" class=\"has-inline-color has-secondary-color\">Desde el Centro para los Defensores y la Justicia velamos por la protecci\u00f3n integral de las personas defensoras de derechos humanos, por ello ofrecemos capacitaciones para fortalecer estrategias para la gesti\u00f3n de la seguridad y la mitigaci\u00f3n de riesgos asociados a la labor de defensa de derechos humanos.<\/mark><\/h4>\n\n\n\n<div class=\"wp-block-group\"><div class=\"wp-block-group__inner-container is-layout-flow wp-block-group-is-layout-flow\">\n<figure class=\"wp-block-gallery alignfull has-nested-images columns-default is-cropped wp-block-gallery-1 is-layout-flex wp-block-gallery-is-layout-flex\">\n<figure class=\"wp-block-image size-large\"><img fetchpriority=\"high\" decoding=\"async\" width=\"960\" height=\"540\" data-id=\"396\" src=\"https:\/\/centrodefensores.org.ve\/wp-content\/uploads\/2022\/03\/TallerAccsol1.jpg\" alt=\"\" class=\"wp-image-396\" srcset=\"https:\/\/centrodefensores.org.ve\/wp-content\/uploads\/2022\/03\/TallerAccsol1.jpg 960w, https:\/\/centrodefensores.org.ve\/wp-content\/uploads\/2022\/03\/TallerAccsol1-300x169.jpg 300w, https:\/\/centrodefensores.org.ve\/wp-content\/uploads\/2022\/03\/TallerAccsol1-768x432.jpg 768w\" sizes=\"(max-width: 960px) 100vw, 960px\" \/><\/figure>\n<\/figure>\n<\/div><\/div>\n\n\n\n<hr class=\"wp-block-separator has-css-opacity\"\/>\n\n\n\n<p>M\u00e1s de 200 personas han sido beneficiarias de nuestras capacitaciones, incluyendo defensores, l\u00edderes sociales, l\u00edderes sindicales, l\u00edderes estudiantiles y periodistas. Te invitamos a conocer algunos de los testimonios:<\/p>\n\n\n\n<h4 class=\"wp-block-heading\">Testimonios de Participantes<\/h4>\n\n\n\n<figure class=\"wp-block-embed is-type-video is-provider-youtube wp-block-embed-youtube wp-embed-aspect-16-9 wp-has-aspect-ratio\"><div class=\"wp-block-embed__wrapper\">\n<iframe title=\"Testimonios: Francisco Valencia\" width=\"580\" height=\"326\" src=\"https:\/\/www.youtube.com\/embed\/2XPJBHmtlaI?list=PL9jClv7ZOIGcdajGG1HceU4iEVP83o0YI\" frameborder=\"0\" allow=\"accelerometer; autoplay; clipboard-write; encrypted-media; gyroscope; picture-in-picture; web-share\" referrerpolicy=\"strict-origin-when-cross-origin\" allowfullscreen><\/iframe>\n<\/div><\/figure>\n\n\n\n<blockquote class=\"wp-block-quote is-layout-flow wp-block-quote-is-layout-flow\">\n<p><\/p>\n<\/blockquote>\n\n\n\n<div class=\"wp-block-media-text alignwide is-stacked-on-mobile\"><figure class=\"wp-block-media-text__media\"><img decoding=\"async\" width=\"858\" height=\"1024\" src=\"https:\/\/centrodefensores.org.ve\/wp-content\/uploads\/2022\/03\/Cover2-858x1024.png\" alt=\"\" class=\"wp-image-397 size-full\" srcset=\"https:\/\/centrodefensores.org.ve\/wp-content\/uploads\/2022\/03\/Cover2-858x1024.png 858w, https:\/\/centrodefensores.org.ve\/wp-content\/uploads\/2022\/03\/Cover2-251x300.png 251w, https:\/\/centrodefensores.org.ve\/wp-content\/uploads\/2022\/03\/Cover2-768x917.png 768w, https:\/\/centrodefensores.org.ve\/wp-content\/uploads\/2022\/03\/Cover2.png 1058w\" sizes=\"(max-width: 858px) 100vw, 858px\" \/><\/figure><div class=\"wp-block-media-text__content\">\n<p class=\"has-accent-color has-text-color has-large-font-size\"><strong>Manual de Protecci\u00f3n Integral para Personas Defensoras de Derechos Humanos en Venezuela &#8211; Gesti\u00f3n de la Seguridad<\/strong><\/p>\n\n\n\n<p>Este manual busca proporcionar herramientas a las personas que promueven, defienden y exigen derechos humanos en Venezuela, para el fortalecimiento de sus capacidades de protecci\u00f3n, en el \u00e1mbito personal y organizacional, mediante el esclarecimiento de estrategias para la gesti\u00f3n de la seguridad, la autoprotecci\u00f3n y el an\u00e1lisis, valoraci\u00f3n y mitigaci\u00f3n de los riesgos generales y particulares con perspectiva de g\u00e9nero, bajo el enfoque integral u hol\u00edstico de la seguridad que incluye el aspecto personal, psico-social y digital.<\/p>\n\n\n\n<p>Puedes descargarlo en: <a href=\"https:\/\/centrodefensores.org.ve\/wp-content\/uploads\/2022\/03\/ManualProteccio%CC%81nIntegral-CDJ.pdf\" data-type=\"URL\" data-id=\"https:\/\/centrodefensores.org.ve\/wp-content\/uploads\/2022\/03\/ManualProteccio%CC%81nIntegral-CDJ.pdf\">https:\/\/centrodefensores.org.ve\/wp-content\/uploads\/2022\/03\/ManualProteccio%CC%81nIntegral-CDJ.pdf<\/a><\/p>\n<\/div><\/div>\n\n\n\n<div class=\"wp-block-media-text alignwide has-media-on-the-right is-stacked-on-mobile is-vertically-aligned-top\"><div class=\"wp-block-media-text__content\">\n<p class=\"has-accent-color has-text-color has-large-font-size\"><strong>Documentaci\u00f3n y Monitoreo de<br>Derechos Humanos<\/strong><\/p>\n\n\n\n<p class=\"has-accent-color has-text-color has-normal-font-size\"><strong><em>Manual B\u00e1sico para Personas Defensoras<\/em><\/strong><\/p>\n\n\n\n<p class=\"has-accent-color has-text-color has-normal-font-size\"><em><strong>Seg\u00fan Est\u00e1ndares Internacionales de Ciencias de la Informaci\u00f3n y Derecho Internacional de Derechos Humanos<\/strong><\/em><\/p>\n\n\n\n<p class=\"has-normal-font-size\">El Observatorio Venezolano de Conflictividad Social (OVCS) y el Centro para los Defensores y la Justicia (CDJ), con el apoyo de la Embajada de la Rep\u00fablica Federal de Alemania en Venezuela, presentan este Manual para la documentaci\u00f3n y monitoreo seg\u00fan est\u00e1ndares internacionales de las Ciencias de la Informaci\u00f3n y el Derecho Internacional de Derechos Humanos, con la finalidad de contribuir al fortalecimiento de las capacidades de organizaciones de la sociedad civil y personas defensoras, en sus procesos de recopilaci\u00f3n, sistematizaci\u00f3n y difusi\u00f3n de datos e informaci\u00f3n sobre derechos humanos.<\/p>\n\n\n\n<p class=\"has-normal-font-size\">El Manual est\u00e1 conformado por tres cap\u00edtulos te\u00f3rico-pr\u00e1cticos que van acompa\u00f1ados de ejercicios que facilitan el uso de herramientas para documentar situaciones violatorias de derechos humanos siguiendo los par\u00e1metros de las Ciencias de la Informaci\u00f3n y est\u00e1ndares del Derecho Internacional de los Derechos Humanos, adem\u00e1s ofreciendo algunas estrategias de seguridad hol\u00edstica para el ejercicio de la actividad de una forma m\u00e1s protegida.<\/p>\n\n\n\n<p class=\"has-normal-font-size\">Cada cap\u00edtulo est\u00e1 acompa\u00f1ado de un cuerpo de recomendaciones y ejercicios que facilitan la puesta en<br>pr\u00e1ctica de las herramientas y t\u00e9cnicas contenidas en el manual.<\/p>\n\n\n\n<p>Puedes descargarlo en: <strong><a rel=\"noreferrer noopener\" href=\"https:\/\/centrodefensores.org.ve\/wp-content\/uploads\/2023\/01\/Manual_-DocumentacionDDHH_OVCS_CDJ.pdf\" data-type=\"URL\" data-id=\"https:\/\/centrodefensores.org.ve\/wp-content\/uploads\/2023\/01\/Manual_-DocumentacionDDHH_OVCS_CDJ.pdf\" target=\"_blank\">https:\/\/centrodefensores.org.ve\/wp-content\/uploads\/2023\/01\/Manual_-DocumentacionDDHH_OVCS_CDJ.pdf<\/a><\/strong><\/p>\n<\/div><figure class=\"wp-block-media-text__media\"><img decoding=\"async\" width=\"966\" height=\"1244\" src=\"https:\/\/centrodefensores.org.ve\/wp-content\/uploads\/2023\/01\/Portada.png\" alt=\"\" class=\"wp-image-485 size-full\" srcset=\"https:\/\/centrodefensores.org.ve\/wp-content\/uploads\/2023\/01\/Portada.png 966w, https:\/\/centrodefensores.org.ve\/wp-content\/uploads\/2023\/01\/Portada-233x300.png 233w, https:\/\/centrodefensores.org.ve\/wp-content\/uploads\/2023\/01\/Portada-795x1024.png 795w, https:\/\/centrodefensores.org.ve\/wp-content\/uploads\/2023\/01\/Portada-768x989.png 768w\" sizes=\"(max-width: 966px) 100vw, 966px\" \/><\/figure><\/div>\n\n\n\n<div class=\"wp-block-columns alignwide are-vertically-aligned-top is-layout-flex wp-container-core-columns-is-layout-9d6595d7 wp-block-columns-is-layout-flex\">\n<div class=\"wp-block-column is-layout-flow wp-block-column-is-layout-flow\" style=\"flex-basis:50%\"><div class=\"wp-block-image\">\n<figure class=\"aligncenter is-resized\"><img loading=\"lazy\" decoding=\"async\" width=\"612\" height=\"792\" src=\"https:\/\/centrodefensores.org.ve\/wp-content\/uploads\/2023\/11\/FLYER-CDJXOVCS-3.png\" alt=\"\" class=\"wp-image-568\" style=\"width:409px;height:529px\" srcset=\"https:\/\/centrodefensores.org.ve\/wp-content\/uploads\/2023\/11\/FLYER-CDJXOVCS-3.png 612w, https:\/\/centrodefensores.org.ve\/wp-content\/uploads\/2023\/11\/FLYER-CDJXOVCS-3-232x300.png 232w\" sizes=\"(max-width: 612px) 100vw, 612px\" \/><\/figure>\n<\/div>\n\n\n<div class=\"wp-block-columns is-layout-flex wp-container-core-columns-is-layout-9d6595d7 wp-block-columns-is-layout-flex\">\n<div class=\"wp-block-column is-layout-flow wp-block-column-is-layout-flow\">\n<p class=\"has-accent-color has-subtle-background-background-color has-text-color has-background has-small-font-size\"><strong>Lee y descarga las publicaciones:<\/strong><\/p>\n\n\n\n<p class=\"has-background-color has-accent-background-color has-text-color has-background has-small-font-size\"><strong><a href=\"https:\/\/centrodefensores.org.ve\/wp-content\/uploads\/2023\/11\/ANALISIS-DE-NORMAS-QUE-RESTRINGEN-EL-ESPACIO-CIVICO-Y-DEMOCRATICO-EN-VENEZUELA.pdf\" data-type=\"URL\" data-id=\"https:\/\/centrodefensores.org.ve\/wp-content\/uploads\/2023\/11\/ANALISIS-DE-NORMAS-QUE-RESTRINGEN-EL-ESPACIO-CIVICO-Y-DEMOCRATICO-EN-VENEZUELA.pdf\" target=\"_blank\" rel=\"noreferrer noopener\">AN\u00c1LISIS DE NORMAS QUE RESTRINGEN EL ESPACIO C\u00cdVICO Y DEMOCR\u00c1TICO<br>EN VENEZUELA<\/a><\/strong><\/p>\n\n\n\n<p class=\"has-small-font-size\">Con el objeto de analizar las normas, y otras medidas, que se han adoptado desde el Estado a fines de criminalizar el ejercicio de las libertades fundamentales, lo cual necesariamente ha conllevado al cierre progresivo del espacio c\u00edvico y democr\u00e1tico.<br>As\u00ed como tambi\u00e9n ofrecer recomendaciones de cara a la necesidad de garantizar un espacio pleno y libre para el ejercicio de los derechos a la libertad de expresi\u00f3n y opini\u00f3n; reuni\u00f3n y manifestaci\u00f3n pac\u00edfica; libertad de asociaci\u00f3n; defensa de derechos y otras actividades de la sociedad civil venezolana.<\/p>\n\n\n\n<p class=\"has-background-color has-accent-background-color has-text-color has-background has-small-font-size\"><strong><a href=\"https:\/\/centrodefensores.org.ve\/wp-content\/uploads\/2023\/11\/ELEMENTOS-ESENCIALES-PARA-FORTALECER-EL-ESPACIO-CIVICO-Y-DEMOCRATICO-EN-VENEZUELA.pdf\" data-type=\"URL\" data-id=\"https:\/\/centrodefensores.org.ve\/wp-content\/uploads\/2023\/11\/ELEMENTOS-ESENCIALES-PARA-FORTALECER-EL-ESPACIO-CIVICO-Y-DEMOCRATICO-EN-VENEZUELA.pdf\" target=\"_blank\" rel=\"noreferrer noopener\">ELEMENTOS ESENCIALES PARA FORTALECER EL ESPACIO C\u00cdVICO Y DEMOCR\u00c1TICO EN VENEZUELA<\/a><\/strong><\/p>\n\n\n\n<p class=\"has-small-font-size\">Venezuela ha sido objeto de un profundo escrutinio y preocupaci\u00f3n por parte de la comunidad internacional y de las organizaciones de derechos humanos nacionales en relaci\u00f3n con la deteriorada situaci\u00f3n del espacio c\u00edvico y democr\u00e1tico en los \u00faltimos a\u00f1os. A medida que la crisis pol\u00edtica, econ\u00f3mica y social se intensifica, se han planteado serias interrogantes sobre el respeto y la protecci\u00f3n de los derechos humanos, las libertades fundamentales y los principios democr\u00e1ticos que forman la base de una sociedad justa y equitativa.<br>El espacio c\u00edvico y democr\u00e1tico se refiere al entorno en el que los individuos, las organizaciones de la sociedad civil y los actores pol\u00edticos pueden ejercer sus derechos a la libertad de expresi\u00f3n, asociaci\u00f3n, reuni\u00f3n y participaci\u00f3n pol\u00edtica de manera plena y sin restricciones indebidas.<br>Estos elementos son esenciales para el funcionamiento de una democracia saludable y para garantizar que los ciudadanos puedan influir en las decisiones que afectan sus vidas y sus comunidades.<\/p>\n<\/div>\n<\/div>\n<\/div>\n\n\n\n<div class=\"wp-block-column is-layout-flow wp-block-column-is-layout-flow\" style=\"flex-basis:50%\">\n<p class=\"has-accent-color has-subtle-background-background-color has-text-color has-background has-larger-font-size\"><strong>CDJ y OVCS presentan Informes sobre el Espacio C\u00edvico y Democr\u00e1tico en Venezuela<\/strong><\/p>\n\n\n\n<p class=\"has-text-align-right has-normal-font-size\">El Observatorio Venezolano de Conflictividad Social (OVCS) y el Centro para los Defensores y la Justicia (CDJ), con el apoyo de la Embajada de la Rep\u00fablica Federal de Alemania en Venezuela, presentan los informes sobre el Espacio C\u00edvico y Democr\u00e1tico en Venezuela, abordando leyes que restringen su garant\u00eda y elementos esenciales para su fortalecimiento.<\/p>\n\n\n\n<p class=\"has-text-align-right has-normal-font-size\">En Venezuela, desde hace m\u00e1s de 20 a\u00f1os, el espacio c\u00edvico y democr\u00e1tico ha sufrido afectaciones cada vez m\u00e1s severas, documentadas por la sociedad civil organizada y por organismos internacionales que promueven y defienden los derechos humanos.<br>Quienes ejercen y exigen o denuncian fallas en la gesti\u00f3n p\u00fablica gubernamental, son acusados de ser \u201cdesestabilizadores de paz\u201d y \u201cenemigos de la patria\u201d, siendo objeto de represi\u00f3n, judicializaciones y abusos de poder por parte del Estado\u201d.<br>El espacio c\u00edvico es fundamental para el establecimiento y desarrollo de una democracia realmente participativa, donde se respeten y garanticen los derechos humanos, y el Estado sea el principal garantista del cumplimiento de sus obligaciones para con sus ciudadanos.<br>El cierre del espacio c\u00edvico y democr\u00e1tico en Venezuela ha tenido un efecto perjudicial sobre los derechos humanos, la participaci\u00f3n pol\u00edtica y el Estado de derecho. Ha socavado los principios de democracia, rendici\u00f3n de cuentas y respeto a las libertades fundamentales. Esta situaci\u00f3n ha provocado la erosi\u00f3n de las instituciones democr\u00e1ticas en Venezuela y un deterioro de la situaci\u00f3n sociopol\u00edtica y econ\u00f3mica del pa\u00eds, la cual se agrava notoriamente con la existencia de una emergencia humanitaria compleja y una crisis de servicios p\u00fablicos.<br>Es esencial que, mediante la concienciaci\u00f3n, la promoci\u00f3n del di\u00e1logo y la defensa de los derechos humanos, las personas defensoras de derechos humanos y la ciudadan\u00eda en general puedan trabajar por una sociedad mucho m\u00e1s inclusiva y democr\u00e1tica, en donde existan oportunidades y espacios que permitan el desarrollo de los valores democr\u00e1ticos y de los derechos humanos.<\/p>\n\n\n\n<p><\/p>\n\n\n\n<p class=\"has-accent-color has-subtle-background-background-color has-text-color has-background has-normal-font-size\"><strong>#TuEspacioCivico #VocesPorLosDerechosHumanos #VoicesForRights<\/strong><\/p>\n<\/div>\n<\/div>\n\n\n<div class=\"wp-block-image\">\n<figure class=\"alignright size-full is-resized\"><img loading=\"lazy\" decoding=\"async\" width=\"2560\" height=\"2434\" src=\"https:\/\/centrodefensores.org.ve\/wp-content\/uploads\/2024\/11\/20241030_102729-1-scaled.jpg\" alt=\"\" class=\"wp-image-660\" style=\"width:400px;height:auto\" srcset=\"https:\/\/centrodefensores.org.ve\/wp-content\/uploads\/2024\/11\/20241030_102729-1-scaled.jpg 2560w, https:\/\/centrodefensores.org.ve\/wp-content\/uploads\/2024\/11\/20241030_102729-1-300x285.jpg 300w, https:\/\/centrodefensores.org.ve\/wp-content\/uploads\/2024\/11\/20241030_102729-1-1024x974.jpg 1024w, https:\/\/centrodefensores.org.ve\/wp-content\/uploads\/2024\/11\/20241030_102729-1-768x730.jpg 768w, https:\/\/centrodefensores.org.ve\/wp-content\/uploads\/2024\/11\/20241030_102729-1-1536x1460.jpg 1536w, https:\/\/centrodefensores.org.ve\/wp-content\/uploads\/2024\/11\/20241030_102729-1-2048x1947.jpg 2048w, https:\/\/centrodefensores.org.ve\/wp-content\/uploads\/2024\/11\/20241030_102729-1-1200x1141.jpg 1200w, https:\/\/centrodefensores.org.ve\/wp-content\/uploads\/2024\/11\/20241030_102729-1-1980x1882.jpg 1980w\" sizes=\"(max-width: 2560px) 100vw, 2560px\" \/><\/figure>\n<\/div>\n\n\n<div class=\"wp-block-cover\" style=\"min-height:357px;aspect-ratio:unset;\"><span aria-hidden=\"true\" class=\"wp-block-cover__background has-background-dim\"><\/span><div class=\"wp-block-cover__inner-container is-layout-flow wp-block-cover-is-layout-flow\">\n<div class=\"wp-block-group\"><div class=\"wp-block-group__inner-container is-layout-constrained wp-block-group-is-layout-constrained\">\n<p class=\"has-text-align-left has-accent-color has-subtle-background-background-color has-text-color has-background has-link-color has-normal-font-size wp-elements-14ed2c65e21e49f8602e6cf3463d1e01\"><strong>CDJ y OVCS presentan Informes sobre el Espacio C\u00edvico y Democr\u00e1tico en Venezuela<\/strong><\/p>\n\n\n\n<p class=\"has-accent-color has-subtle-background-background-color has-text-color has-background has-link-color has-small-font-size wp-elements-b75058949912b9171a7ae0d1d2eae29a\"><strong>LEE Y DESCARGA LAS PUBLICACIONES<\/strong><\/p>\n<\/div><\/div>\n<\/div><\/div>\n\n\n\n<div class=\"wp-block-group\"><div class=\"wp-block-group__inner-container is-layout-constrained wp-block-group-is-layout-constrained\">\n<div class=\"wp-block-columns is-layout-flex wp-container-core-columns-is-layout-9d6595d7 wp-block-columns-is-layout-flex\">\n<div class=\"wp-block-column is-layout-flow wp-block-column-is-layout-flow\" style=\"flex-basis:100%\">\n<div class=\"wp-block-group is-vertical is-layout-flex wp-container-core-group-is-layout-8cf370e7 wp-block-group-is-layout-flex\">\n<p class=\"has-background-color has-accent-background-color has-text-color has-background has-link-color wp-elements-ea4fe3635eedd3574fa60ff04927bd1c\"><strong><a href=\"https:\/\/centrodefensores.org.ve\/wp-content\/uploads\/2024\/11\/Fortalecimiento-del-Espacio-Civico-para-alcanzar-los-Objetivos-de-Desarrollo-Sostenible-ODS-en-Venezuela.pdf\" target=\"_blank\" rel=\"noreferrer noopener\">Fortalecimiento del Espacio C\u00edvico para alcanzar los objetivos de<br>Desarrollo Sustentable en Venezuela<\/a><\/strong><\/p>\n\n\n\n<div class=\"wp-block-group\"><div class=\"wp-block-group__inner-container is-layout-constrained wp-block-group-is-layout-constrained\">\n<p>La investigaci\u00f3n aborda c\u00f3mo el fortalecimiento del Espacio C\u00edvico puede contribuir significativamente al logro de los Objetivos del Desarrollo Sostenible en Venezuela, explorando las formas de interconexi\u00f3n entre la participaci\u00f3n ciudadana, la gobernanza democr\u00e1tica y el desarrollo sostenible en un contexto de desaf\u00edos complejos y oportunidades emergentes. <\/p>\n\n\n\n<p class=\"has-background-color has-accent-background-color has-text-color has-background has-link-color wp-elements-619715dfdd215e485f75b3e7a9ce42c8\"><strong><a href=\"https:\/\/centrodefensores.org.ve\/wp-content\/uploads\/2024\/11\/Guia-para-la-sociedad-civil-Fortaleciendo-el-Espacio-Civico-y-Democratico-en-Venezuela-.pdf\" target=\"_blank\" rel=\"noreferrer noopener\">Gu\u00eda para la sociedad civil: \u00bfC\u00f3mo fortalecer el espacio c\u00edvico y<br>democr\u00e1tico en Venezuela?Gu\u00eda para la sociedad civil: \u00bfC\u00f3mo fortalecer el espacio c\u00edvico y<br>democr\u00e1tico en Venezuela?<\/a><\/strong><\/p>\n\n\n\n<p class=\"has-primary-color has-background-background-color has-text-color has-background has-link-color wp-elements-73f3cc7927a193e6b442a237c61237ad\">La Gu\u00eda destaca la importancia del espacio c\u00edvico como un pilar fundamental para la democracia y los derechos humanos. Se ofrece una visi\u00f3n integral sobre la noci\u00f3n de espacio c\u00edvico, subrayando su rol en la cohesi\u00f3n social, la participaci\u00f3n pol\u00edtica y la garant\u00eda de que los derechos humanos pueden ser defendidos sin temor a represalias.<\/p>\n\n\n\n<p class=\"has-primary-color has-background-background-color has-text-color has-background has-link-color wp-elements-e9c996a29265d97f690561fbfd31f56f\"><\/p>\n<\/div><\/div>\n<\/div>\n<\/div>\n<\/div>\n<\/div><\/div>\n\n\n\n<p><\/p>\n","protected":false},"excerpt":{"rendered":"<p>Desde el Centro para los Defensores y la Justicia velamos por la protecci\u00f3n integral de las personas defensoras de derechos humanos, por ello ofrecemos capacitaciones para fortalecer estrategias para la gesti\u00f3n de la seguridad y la mitigaci\u00f3n de riesgos asociados a la labor de defensa de derechos humanos. M\u00e1s de 200 personas han sido beneficiarias [&hellip;]<\/p>\n","protected":false},"author":1,"featured_media":0,"parent":0,"menu_order":0,"comment_status":"closed","ping_status":"closed","template":"","meta":{"footnotes":""},"class_list":["post-27","page","type-page","status-publish","hentry"],"_links":{"self":[{"href":"https:\/\/centrodefensores.org.ve\/index.php?rest_route=\/wp\/v2\/pages\/27","targetHints":{"allow":["GET"]}}],"collection":[{"href":"https:\/\/centrodefensores.org.ve\/index.php?rest_route=\/wp\/v2\/pages"}],"about":[{"href":"https:\/\/centrodefensores.org.ve\/index.php?rest_route=\/wp\/v2\/types\/page"}],"author":[{"embeddable":true,"href":"https:\/\/centrodefensores.org.ve\/index.php?rest_route=\/wp\/v2\/users\/1"}],"replies":[{"embeddable":true,"href":"https:\/\/centrodefensores.org.ve\/index.php?rest_route=%2Fwp%2Fv2%2Fcomments&post=27"}],"version-history":[{"count":9,"href":"https:\/\/centrodefensores.org.ve\/index.php?rest_route=\/wp\/v2\/pages\/27\/revisions"}],"predecessor-version":[{"id":663,"href":"https:\/\/centrodefensores.org.ve\/index.php?rest_route=\/wp\/v2\/pages\/27\/revisions\/663"}],"wp:attachment":[{"href":"https:\/\/centrodefensores.org.ve\/index.php?rest_route=%2Fwp%2Fv2%2Fmedia&parent=27"}],"curies":[{"name":"wp","href":"https:\/\/api.w.org\/{rel}","templated":true}]}}